{"id":93,"date":"2025-02-15T14:55:23","date_gmt":"2025-02-15T14:55:23","guid":{"rendered":"https:\/\/radiopr.org\/home\/?page_id=93"},"modified":"2025-02-15T16:17:50","modified_gmt":"2025-02-15T16:17:50","slug":"actividades","status":"publish","type":"page","link":"https:\/\/radiopr.org\/home\/actividades\/","title":{"rendered":"Actividades"},"content":{"rendered":"\n<figure class=\"wp-block-image size-large is-resized\"><img loading=\"lazy\" decoding=\"async\" width=\"1024\" height=\"571\" src=\"https:\/\/radiopr.org\/home\/wp-content\/uploads\/2025\/02\/RODENet-1024x571.jpg\" alt=\"\" class=\"wp-image-22\" style=\"width:535px;height:auto\" srcset=\"https:\/\/radiopr.org\/home\/wp-content\/uploads\/2025\/02\/RODENet-1024x571.jpg 1024w, https:\/\/radiopr.org\/home\/wp-content\/uploads\/2025\/02\/RODENet-300x167.jpg 300w, https:\/\/radiopr.org\/home\/wp-content\/uploads\/2025\/02\/RODENet-768x428.jpg 768w, https:\/\/radiopr.org\/home\/wp-content\/uploads\/2025\/02\/RODENet.jpg 1291w\" sizes=\"auto, (max-width: 1024px) 100vw, 1024px\" \/><\/figure>\n\n\n\n<p>Puedes participar de nuestro NET, todos los lunes de 7 pm a 8pm, hora local o 23 a 00 UTC por la cadena de repetidores\u00a0<a href=\"https:\/\/kp3re.org\/?p=779\">\u201cBoricuas\u201d<\/a>\u00a0o los enlace de Echo Link KP$LBA-R, KP3AV-R, NW4A-R y el enlace DMR TG 330107.<br>No es necesario ser miembro de RODE para participar, todos son bienvenidos.<\/p>\n\n\n\n\n\n<figure class=\"wp-block-image size-full is-resized\"><img loading=\"lazy\" decoding=\"async\" width=\"800\" height=\"445\" src=\"https:\/\/radiopr.org\/home\/wp-content\/uploads\/2025\/02\/ARRL-Informa-Final.jpeg\" alt=\"\" class=\"wp-image-23\" style=\"width:532px;height:auto\" srcset=\"https:\/\/radiopr.org\/home\/wp-content\/uploads\/2025\/02\/ARRL-Informa-Final.jpeg 800w, https:\/\/radiopr.org\/home\/wp-content\/uploads\/2025\/02\/ARRL-Informa-Final-300x167.jpeg 300w, https:\/\/radiopr.org\/home\/wp-content\/uploads\/2025\/02\/ARRL-Informa-Final-768x427.jpeg 768w\" sizes=\"auto, (max-width: 800px) 100vw, 800px\" \/><\/figure>\n\n\n\n<p>Les invitamos a participar del Net informativo de la ARRL Puerto Rico Section \u201cTRAFICO ARRL\u201d, una actividad informativa y educativa, la cual se lleva a cabo todos los 2dos. jueves de cada mes, a las 8 pm hora local, 00:00 UTC. El mismo se realiza a trav\u00e9s de los repetidores de la cadena Boricuas.<\/p>\n\n\n\n<p>Para las frecuencias y tonos, puede visitar el enlace de repetidores de esta p\u00e1gina o en Radiopr.org, donde tambi\u00e9n nos puedes escuchar por la web con el enlace que aparece en dicha p\u00e1gina, tambi\u00e9n en KP3AV.<\/p>\n\n\n\n<p>Este Net est\u00e1 abierto a todos los radioaficionados que deseen participar.<\/p>\n","protected":false},"excerpt":{"rendered":"<p>Puedes participar de nuestro NET, todos los lunes de 7 pm a 8pm, hora local o 23 a 00 UTC por la cadena de repetidores\u00a0\u201cBoricuas\u201d\u00a0o los enlace de Echo Link KP$LBA-R, KP3AV-R, NW4A-R y el enlace DMR TG 330107.No es necesario ser miembro de RODE para participar, todos son bienvenidos. Les invitamos a participar del&#8230;<\/p>\n","protected":false},"author":1,"featured_media":0,"parent":0,"menu_order":0,"comment_status":"closed","ping_status":"closed","template":"","meta":{"_coblocks_attr":"Tajawal,IBM Plex Sans,Arvo","_coblocks_dimensions":"","_coblocks_responsive_height":"","_coblocks_accordion_ie_support":"","pagelayer_contact_templates":[],"_pagelayer_content":"","footnotes":""},"class_list":["post-93","page","type-page","status-publish","hentry"],"_links":{"self":[{"href":"https:\/\/radiopr.org\/home\/wp-json\/wp\/v2\/pages\/93","targetHints":{"allow":["GET"]}}],"collection":[{"href":"https:\/\/radiopr.org\/home\/wp-json\/wp\/v2\/pages"}],"about":[{"href":"https:\/\/radiopr.org\/home\/wp-json\/wp\/v2\/types\/page"}],"author":[{"embeddable":true,"href":"https:\/\/radiopr.org\/home\/wp-json\/wp\/v2\/users\/1"}],"replies":[{"embeddable":true,"href":"https:\/\/radiopr.org\/home\/wp-json\/wp\/v2\/comments?post=93"}],"version-history":[{"count":7,"href":"https:\/\/radiopr.org\/home\/wp-json\/wp\/v2\/pages\/93\/revisions"}],"predecessor-version":[{"id":149,"href":"https:\/\/radiopr.org\/home\/wp-json\/wp\/v2\/pages\/93\/revisions\/149"}],"wp:attachment":[{"href":"https:\/\/radiopr.org\/home\/wp-json\/wp\/v2\/media?parent=93"}],"curies":[{"name":"wp","href":"https:\/\/api.w.org\/{rel}","templated":true}]}}